{"id":4072,"date":"2021-05-07T16:00:59","date_gmt":"2021-05-07T16:00:59","guid":{"rendered":"https:\/\/www.truvionhealthcare.com\/?page_id=4072"},"modified":"2026-04-21T14:51:52","modified_gmt":"2026-04-21T14:51:52","slug":"postes-vacants","status":"publish","type":"page","link":"https:\/\/www.truvionhealthcare.com\/fr\/postes-vacants\/","title":{"rendered":"Postes vacants"},"content":{"rendered":"\n\t<section class=\"section\" id=\"section_1019791515\">\n\t\t<div class=\"bg section-bg fill bg-fill  \" >\n\n\t\t\t\n\t\t\t<div class=\"section-bg-overlay absolute fill\"><\/div>\n\t\t\t\n\t<div class=\"is-border\"\n\t\tstyle=\"border-radius:57px;border-width:1px 0px px1 0px;\">\n\t<\/div>\n\n\t\t<\/div>\n\n\t\t<div class=\"section-content relative\">\n\t\t\t\n\n\t<div id=\"gap-1995891306\" class=\"gap-element clearfix\" style=\"display:block; height:auto;\">\n\t\t\n<style>\n#gap-1995891306 {\n  padding-top: 30px;\n}\n<\/style>\n\t<\/div>\n\t\n\n  <div class=\"banner-grid-wrapper\">\n  <div id=\"banner-grid-995299826\" class=\"banner-grid row row-grid row-small\" data-packery-options=\"\">\n                      \n\n<div class=\"col grid-col large-12 grid-col-1\" ><div class=\"col-inner box-shadow-1\">\n\n\n  <div class=\"banner has-hover\" id=\"banner-628726864\">\n          <div class=\"banner-inner fill\">\n        <div class=\"banner-bg fill\" >\n            <div class=\"bg fill bg-fill \"><\/div>\n                                    \n                    <\/div>\n        <div class=\"banner-layers container\">\n            <div class=\"fill banner-link\"><\/div>            \n\n   <div id=\"text-box-269520959\" class=\"text-box banner-layer x10 md-x10 lg-x10 y50 md-y50 lg-y50 res-text\">\n                                <div class=\"text-box-content text \">\n              \n              <div class=\"text-inner text-left\">\n                  \n\n\t<div id=\"text-1595653660\" class=\"text\">\n\t\t\n\n<p>\u00a0<\/p>\n<div id=\"tw-container\" class=\"nev7se\" data-cp=\"1\" data-nnttsvi=\"1\" data-ntl-fpwrite=\"true\" data-sletp=\"false\" data-sm=\"1\" data-ssbp=\"false\" data-sugg-time=\"500\" data-sugg-url=\"https:\/\/clients1.google.com\/complete\/search\" data-uilc=\"nl\" data-vil=\",af,af-ZA,am,am-ET,ar-EG,ar-AE,ar-KW,ar-QA,ar,ar-IL,ar-JO,ar-LB,ar-PS,az,az-AZ,bg,bg-BG,bn,bn-BD,bn-IN,ca,ca-es,cs,cs-CZ,de,de-DE,de-CH,de-AT,de-LI,en,en-US,en-CA,en-AU,en-NZ,en-GB,en-IN,en-KE,en-TZ,en-NG,en-GH,en-PH,en-ZA,es,es-ES,es-AR,es-UY,es-419,es-BO,es-CL,es-CR,es-CO,es-DO,es-EC,es-GT,es-HN,es-NI,es-PA,es-PE,es-PR,es-PY,es-SV,es-VE,es-MX,es-US,eu,eu-ES,fi,fi-FI,fr,fr-FR,fr-CH,fr-BE,gl,gl-ES,gu,gu-IN,he,he-IL,iw,iw-IL,hu,hu-HU,hy,hy-AM,id,id-ID,is,is-IS,it,it-IT,it-CH,ja,ja-JP,jv,jv-ID,ka,ka-GE,km,km-KH,kn,kn-IN,ko,ko-KR,la,lo,lo-LA,lv,lv-LV,ml,ml-IN,mr,mr-IN,ms,ms-MY,nl,nl-NL,nb,nb-NO,ne,ne-NP,pl,pl-PL,pt,pt-BR,pt-PT,ro,ro-RO,ru,ru-RU,si-LK,sk,sk-SK,sr,sr-RS,su,su-ID,sv,sv-SE,sw,sw-TZ,sw-KE,ta,ta-IN,ta-SG,ta-LK,ta-MY,te,te-IN,tr,tr-TR,ur,ur-PK,ur-IN,yue,yue-HK,yue-Hant-HK,zh-HK,zh,zh-CN,zh-cmn,zh-cmn-CN,zh-Hans,zh-Hans-CN,zh-cmn-Hans,zh-cmn-Hans-CN,cmn-CN,cmn-Hans,cmn-Hans-CN,zh-TW,zh-Hant-TW,cmn-TW,cmn-Hant-TW,zh-cmn-TW,zh-cmn-Hant-TW,zu,zu-ZA,hi,hi-IN,tl,tl-PH,pa,pa-IN\">\n<div>\n<div>\n<div id=\"tw-ob\" class=\"tw-src-ltr\">\n<div class=\"oSioSc\">\n<div id=\"tw-target\">\n<div id=\"kAz1tf\" class=\"g9WsWb PZPZlf\" data-attrid=\"tw-targetArea\" data-entityname=\"Google Translate\">\n<div id=\"tw-target-text-container\" class=\"tw-ta-container tw-nfl\" tabindex=\"0\" role=\"text\">\n<p id=\"tw-target-text\" class=\"tw-data-text tw-text-large tw-ta\" dir=\"ltr\" data-placeholder=\"Vertaling\" data-ved=\"2ahUKEwi63fKSkcGOAxV_0AIHHZbILIQQ3ewLegQICRAV\" aria-label=\"Vertaalde tekst: OFFRE D'EMPLOI : RESPONSABLE AQ\nPostulez ici pour en savoir plus sur notre offre d'emploi de responsable AQ.Si vous souhaitez conna\u00eetre les opportunit\u00e9s qui s'offrent \u00e0 vous et si vous \u00eates convaincu(e) de correspondre \u00e0 nos crit\u00e8res, envoyez-nous votre CV\u00a0; nous pourrions vous cr\u00e9er un poste. Si vous \u00eates int\u00e9ress\u00e9(e), veuillez envoyer votre lettre de motivation et votre CV \u00e0 hr@truvionhealthcare.com.\"><span class=\"Y2IQFc\" lang=\"fr\">Il n&rsquo;y a pas de postes vacants au sein de Truvion Healthcare pour le moment, mais cela ne signifie pas que nous n&rsquo;avons pas de place pour des bonnes personnes.<\/span><\/p>\n<p class=\"tw-data-text tw-text-large tw-ta\" dir=\"ltr\" data-placeholder=\"Vertaling\" data-ved=\"2ahUKEwi63fKSkcGOAxV_0AIHHZbILIQQ3ewLegQICRAV\" aria-label=\"Vertaalde tekst: OFFRE D'EMPLOI : RESPONSABLE AQ\nPostulez ici pour en savoir plus sur notre offre d'emploi de responsable AQ.Si vous souhaitez conna\u00eetre les opportunit\u00e9s qui s'offrent \u00e0 vous et si vous \u00eates convaincu(e) de correspondre \u00e0 nos crit\u00e8res, envoyez-nous votre CV\u00a0; nous pourrions vous cr\u00e9er un poste. Si vous \u00eates int\u00e9ress\u00e9(e), veuillez envoyer votre lettre de motivation et votre CV \u00e0 hr@truvionhealthcare.com.\"><span class=\"Y2IQFc\" lang=\"fr\">Si vous souhaitez conna\u00eetre les opportunit\u00e9s qui s&rsquo;offrent \u00e0 vous et si vous \u00eates convaincu(e) de correspondre \u00e0 nos crit\u00e8res, envoyez-nous votre CV ; nous pourrions vous cr\u00e9er un poste. Si vous \u00eates int\u00e9ress\u00e9(e), veuillez envoyer votre lettre de motivation et votre CV \u00e0 <a href=\"mailto:hr@truvionhealthcare.com\" target=\"_blank\" rel=\"noopener\">hr@truvionhealthcare.com<\/a>.<\/span><\/p>\n<\/div>\n<\/div>\n<\/div>\n<\/div>\n<\/div>\n<\/div>\n<\/div>\n<\/div>\n\t\t\n<style>\n#text-1595653660 {\n  text-align: left;\n}\n<\/style>\n\t<\/div>\n\t\n\n              <\/div>\n           <\/div>\n                            \n<style>\n#text-box-269520959 {\n  width: 72%;\n}\n#text-box-269520959 .text-box-content {\n  font-size: 99%;\n}\n<\/style>\n    <\/div>\n \n\n        <\/div>\n      <\/div>\n\n            \n<style>\n#banner-628726864 {\n  padding-top: 500px;\n  background-color: rgb(255, 255, 255);\n}\n<\/style>\n  <\/div>\n\n\n\n<\/div><\/div>\n\n            <\/div>\n    <style>\n    #banner-grid-995299826 .grid-col-1{height: 600px}\n    #banner-grid-995299826 .grid-col-1-2{height: 300px}\n    #banner-grid-995299826 .grid-col-1-3{height:200px}\n    #banner-grid-995299826 .grid-col-2-3{height: 400px}\n    #banner-grid-995299826 .grid-col-1-4{height: 150px}\n    #banner-grid-995299826 .grid-col-3-4{height: 450px}\n\n\n    \n    \n\n  <\/style>\n    <\/div>\n  \n\n\t\t<\/div>\n\n\t\t\n<style>\n#section_1019791515 {\n  padding-top: 19px;\n  padding-bottom: 19px;\n  background-color: rgb(246, 246, 246);\n}\n#section_1019791515 .section-bg-overlay {\n  background-color: rgba(255, 255, 255, 0.5);\n}\n#section_1019791515 .section-bg.bg-loaded {\n  background-image: url(https:\/\/www.truvionhealthcare.com\/wp-content\/uploads\/sites\/8\/2024\/10\/Truvion-banner-Healthcare-1-1024x512-1.png);\n}\n<\/style>\n\t<\/section>\n\t\n\n","protected":false},"excerpt":{"rendered":"","protected":false},"author":386,"featured_media":0,"parent":0,"menu_order":0,"comment_status":"closed","ping_status":"closed","template":"page-blank.php","meta":[],"yoast_head":"<!-- This site is optimized with the Yoast SEO plugin v17.9 - https:\/\/yoast.com\/wordpress\/plugins\/seo\/ -->\n<title>Postes vacants - Truvion Healthcare<\/title>\n<meta name=\"robots\" content=\"index, follow, max-snippet:-1, max-image-preview:large, max-video-preview:-1\" \/>\n<link rel=\"canonical\" href=\"https:\/\/www.truvionhealthcare.com\/fr\/postes-vacants\/\" \/>\n<meta property=\"og:locale\" content=\"fr_FR\" \/>\n<meta property=\"og:type\" content=\"article\" \/>\n<meta property=\"og:title\" content=\"Postes vacants - Truvion Healthcare\" \/>\n<meta property=\"og:url\" content=\"https:\/\/www.truvionhealthcare.com\/fr\/postes-vacants\/\" \/>\n<meta property=\"og:site_name\" content=\"Truvion Healthcare\" \/>\n<meta property=\"article:modified_time\" content=\"2026-04-21T14:51:52+00:00\" \/>\n<meta name=\"twitter:card\" content=\"summary_large_image\" \/>\n<meta name=\"twitter:label1\" content=\"Dur\u00e9e de lecture estim\u00e9e\" \/>\n\t<meta name=\"twitter:data1\" content=\"1 minute\" \/>\n<script type=\"application\/ld+json\" class=\"yoast-schema-graph\">{\"@context\":\"https:\/\/schema.org\",\"@graph\":[{\"@type\":\"WebSite\",\"@id\":\"https:\/\/www.truvionhealthcare.com\/#website\",\"url\":\"https:\/\/www.truvionhealthcare.com\/\",\"name\":\"Truvion Healthcare\",\"description\":\"\",\"potentialAction\":[{\"@type\":\"SearchAction\",\"target\":{\"@type\":\"EntryPoint\",\"urlTemplate\":\"https:\/\/www.truvionhealthcare.com\/?s={search_term_string}\"},\"query-input\":\"required name=search_term_string\"}],\"inLanguage\":\"fr-FR\"},{\"@type\":\"WebPage\",\"@id\":\"https:\/\/www.truvionhealthcare.com\/fr\/postes-vacants\/#webpage\",\"url\":\"https:\/\/www.truvionhealthcare.com\/fr\/postes-vacants\/\",\"name\":\"Postes vacants - Truvion Healthcare\",\"isPartOf\":{\"@id\":\"https:\/\/www.truvionhealthcare.com\/#website\"},\"datePublished\":\"2021-05-07T16:00:59+00:00\",\"dateModified\":\"2026-04-21T14:51:52+00:00\",\"breadcrumb\":{\"@id\":\"https:\/\/www.truvionhealthcare.com\/fr\/postes-vacants\/#breadcrumb\"},\"inLanguage\":\"fr-FR\",\"potentialAction\":[{\"@type\":\"ReadAction\",\"target\":[\"https:\/\/www.truvionhealthcare.com\/fr\/postes-vacants\/\"]}]},{\"@type\":\"BreadcrumbList\",\"@id\":\"https:\/\/www.truvionhealthcare.com\/fr\/postes-vacants\/#breadcrumb\",\"itemListElement\":[{\"@type\":\"ListItem\",\"position\":1,\"name\":\"Home\",\"item\":\"https:\/\/www.truvionhealthcare.com\/fr\/\"},{\"@type\":\"ListItem\",\"position\":2,\"name\":\"Postes vacants\"}]}]}<\/script>\n<!-- \/ Yoast SEO plugin. -->","yoast_head_json":{"title":"Postes vacants - Truvion Healthcare","robots":{"index":"index","follow":"follow","max-snippet":"max-snippet:-1","max-image-preview":"max-image-preview:large","max-video-preview":"max-video-preview:-1"},"canonical":"https:\/\/www.truvionhealthcare.com\/fr\/postes-vacants\/","og_locale":"fr_FR","og_type":"article","og_title":"Postes vacants - Truvion Healthcare","og_url":"https:\/\/www.truvionhealthcare.com\/fr\/postes-vacants\/","og_site_name":"Truvion Healthcare","article_modified_time":"2026-04-21T14:51:52+00:00","twitter_card":"summary_large_image","twitter_misc":{"Dur\u00e9e de lecture estim\u00e9e":"1 minute"},"schema":{"@context":"https:\/\/schema.org","@graph":[{"@type":"WebSite","@id":"https:\/\/www.truvionhealthcare.com\/#website","url":"https:\/\/www.truvionhealthcare.com\/","name":"Truvion Healthcare","description":"","potentialAction":[{"@type":"SearchAction","target":{"@type":"EntryPoint","urlTemplate":"https:\/\/www.truvionhealthcare.com\/?s={search_term_string}"},"query-input":"required name=search_term_string"}],"inLanguage":"fr-FR"},{"@type":"WebPage","@id":"https:\/\/www.truvionhealthcare.com\/fr\/postes-vacants\/#webpage","url":"https:\/\/www.truvionhealthcare.com\/fr\/postes-vacants\/","name":"Postes vacants - Truvion Healthcare","isPartOf":{"@id":"https:\/\/www.truvionhealthcare.com\/#website"},"datePublished":"2021-05-07T16:00:59+00:00","dateModified":"2026-04-21T14:51:52+00:00","breadcrumb":{"@id":"https:\/\/www.truvionhealthcare.com\/fr\/postes-vacants\/#breadcrumb"},"inLanguage":"fr-FR","potentialAction":[{"@type":"ReadAction","target":["https:\/\/www.truvionhealthcare.com\/fr\/postes-vacants\/"]}]},{"@type":"BreadcrumbList","@id":"https:\/\/www.truvionhealthcare.com\/fr\/postes-vacants\/#breadcrumb","itemListElement":[{"@type":"ListItem","position":1,"name":"Home","item":"https:\/\/www.truvionhealthcare.com\/fr\/"},{"@type":"ListItem","position":2,"name":"Postes vacants"}]}]}},"_links":{"self":[{"href":"https:\/\/www.truvionhealthcare.com\/fr\/wp-json\/wp\/v2\/pages\/4072"}],"collection":[{"href":"https:\/\/www.truvionhealthcare.com\/fr\/wp-json\/wp\/v2\/pages"}],"about":[{"href":"https:\/\/www.truvionhealthcare.com\/fr\/wp-json\/wp\/v2\/types\/page"}],"author":[{"embeddable":true,"href":"https:\/\/www.truvionhealthcare.com\/fr\/wp-json\/wp\/v2\/users\/386"}],"replies":[{"embeddable":true,"href":"https:\/\/www.truvionhealthcare.com\/fr\/wp-json\/wp\/v2\/comments?post=4072"}],"version-history":[{"count":36,"href":"https:\/\/www.truvionhealthcare.com\/fr\/wp-json\/wp\/v2\/pages\/4072\/revisions"}],"predecessor-version":[{"id":5864,"href":"https:\/\/www.truvionhealthcare.com\/fr\/wp-json\/wp\/v2\/pages\/4072\/revisions\/5864"}],"wp:attachment":[{"href":"https:\/\/www.truvionhealthcare.com\/fr\/wp-json\/wp\/v2\/media?parent=4072"}],"curies":[{"name":"wp","href":"https:\/\/api.w.org\/{rel}","templated":true}]}}