{"id":1714,"date":"2019-05-24T13:25:48","date_gmt":"2019-05-24T13:25:48","guid":{"rendered":"https:\/\/www.truvionhealthcare.com\/?page_id=1714"},"modified":"2025-03-28T15:21:25","modified_gmt":"2025-03-28T15:21:25","slug":"privacyverklaring-2","status":"publish","type":"page","link":"https:\/\/www.truvionhealthcare.com\/fr\/privacyverklaring-2\/","title":{"rendered":"D\u00e9claration de confidentialit\u00e9"},"content":{"rendered":"\n<h4><strong>D\u00e9claration de confidentialit\u00e9<\/strong><\/h4>\n\n\n\n<p>Nous, Truvion Holding B.V. (\u00ab&nbsp;Truvion&nbsp;\u00bb ou \u00ab&nbsp;nous\/notre\/nos&nbsp;\u00bb), expliquons, dans la pr\u00e9sente d\u00e9claration de confidentialit\u00e9, comment nous traitons les donn\u00e9es personnelles des clients, des clients potentiels et autres personnes avec lesquelles Truvion a conclu (indirectement) un contrat ou est en contact (acheteurs, fournisseurs et, le cas \u00e9ch\u00e9ant, leurs fournisseurs). Truvion Healthcare B.V. et Truvion Healthcare N.V. sont des filiales de Truvion. Truvion Healthcare B.V. et Truvion Healthcare N.V. commercialisent des produits et utilisent pour ce faire des sites Web et des boutiques en ligne (notamment). Les donn\u00e9es personnelles sont des donn\u00e9es qui permettent d\u2019identifier un individu.<\/p>\n\n\n\n<p><strong>Obtention des donn\u00e9es personnelles<\/strong><\/p>\n\n\n\n<p>Nous collectons notamment les donn\u00e9es personnelles que vous nous communiquez dans les cas suivants, par exemple&nbsp;:<\/p>\n\n\n\n<ul><li>si\nvous nous contactez par le biais de l\u2019un de nos sites Web d\u2019entreprise,<\/li><li>si\nvous nous contactez par le biais de nos sites Web destin\u00e9s aux consommateurs\n(par courrier \u00e9lectronique, t\u00e9l\u00e9phone ou Whatsapp ou via nos r\u00e9seaux sociaux,\npar exemple),<\/li><li>si\nvous vous enregistrez sur notre site Web et\/ou effectuez des achats,<\/li><li>en\ncas de demande d\u2019informations (relatives aux produits),<\/li><li>si\nvous signez un contrat avec nous ou<\/li><li>de\npar votre utilisation de notre ou nos sites Web, lorsque vous nous permettez\nd\u2019identifier vos int\u00e9r\u00eats et vos pr\u00e9f\u00e9rences.<\/li><\/ul>\n\n\n\n<p>Nous traitons \u00e9galement des donn\u00e9es personnelles que nous obtenons de par notre observation ou en nous basant sur votre utilisation de certains services ou \u00e9quipements comme&nbsp;:<\/p>\n\n\n\n<ul><li>vos\npr\u00e9f\u00e9rences en mati\u00e8re de communication,<\/li><li>les\ndonn\u00e9es relatives au moyen que vous utilisez pour communiquer avec nous\n(adresse&nbsp;IP ou autre num\u00e9ro, par exemple),<\/li><li>les\ndonn\u00e9es que nous associons \u00e0 des mod\u00e8les donn\u00e9s, telles qu\u2019un statut dans le\nprofil que nous \u00e9tablissons de vous en nous appuyant sur votre comportement de\nconsommation (fr\u00e9quence \u00e0 laquelle vous consultez notre site Web, effectuez des\nachats ou demandez des services, par exemple).<\/li><\/ul>\n\n\n\n<p>Nous pouvons ainsi traiter les donn\u00e9es qui vous concernent en tant que consommateur (lorsque vous nous contactez au sujet d\u2019un produit sp\u00e9cifique, par exemple) ou en tant que salari\u00e9 ou responsable d\u2019une entreprise ou d\u2019une organisation si vous \u00eates ou repr\u00e9sentez un partenaire commercial.<\/p>\n\n\n\n<p>Si vous ne fournissez pas des donn\u00e9es dont la saisie est obligatoire (ce qui peut \u00eatre occasionnellement le cas), nous ne pouvons alors pas respecter certaines obligations contractuelles. Certains produits et\/ou services sont propos\u00e9s par nos partenaires. Nous renvoyons \u00e9galement parfois vers les sites Web de tels partenaires ou d\u2019autres tiers. Cela est clairement indiqu\u00e9. La mani\u00e8re dont ces parties traitent vos donn\u00e9es personnelles est d\u00e9taill\u00e9e dans leurs d\u00e9clarations de confidentialit\u00e9.<\/p>\n\n\n\n<p><strong>Principes<br><\/strong><\/p>\n\n\n\n<p>Nous ne pouvons utiliser les donn\u00e9es personnelles que selon six principes, mentionn\u00e9s dans la loi&nbsp;:<\/p>\n\n\n\n<ul><li>avec\nvotre accord,<\/li><li>pour\nex\u00e9cuter un ou des contrats dont vous faites partie ou pour prendre des mesures\ndemand\u00e9es par vos soins avant la signature du contrat,<\/li><li>pour\nd\u00e9fendre nos int\u00e9r\u00eats l\u00e9gitimes ou ceux de l\u2019organisation avec laquelle nous\npouvons partager ou nous partageons vos donn\u00e9es personnelles,<\/li><li>pour\nr\u00e9pondre \u00e0 une obligation l\u00e9gale,<\/li><li>pour\nd\u00e9fendre vos int\u00e9r\u00eats vitaux en tant que personne concern\u00e9e et<\/li><li>pour\nremplir une t\u00e2che d\u2019int\u00e9r\u00eat g\u00e9n\u00e9ral.<\/li><\/ul>\n\n\n\n<p><strong>Int\u00e9r\u00eats l\u00e9gitimes<\/strong><\/p>\n\n\n\n<p>Les int\u00e9r\u00eats l\u00e9gitimes de Truvion ou d\u2019un tiers sont les suivants&nbsp;: marketing, publicit\u00e9, communication, recherche ou analyse de produits ou services, identification des produits ou services qui peuvent int\u00e9resser le plus les personnes, gestion et protection informatiques, gestion d\u2019entreprise, questions juridiques, gestion interne et partage d\u2019informations avec des parties associ\u00e9es.<\/p>\n\n\n\n<p><strong>Objectifs et principes du traitement des donn\u00e9es personnelles<\/strong><\/p>\n\n\n\n<p>Nous traitons vos donn\u00e9es personnelles \u00e0 des fins sp\u00e9cifiques, d\u00e9taill\u00e9es ci-dessous&nbsp;:<\/p>\n\n\n\n<ul><li>pour r\u00e9agir \u00e0 des demandes (r\u00e9pondre \u00e0 des questions ou des demandes d\u2019informations, cr\u00e9er un compte ou envoyer des brochures, par exemple),<\/li><li>dans le cadre d\u2019un contrat d\u2019achat ou de prestations de services que vous (ou votre entreprise) signez avec Truvion,<\/li><li>pour proposer, organiser et finaliser des demandes de prix et des offres pour la poursuite d\u2019int\u00e9r\u00eats l\u00e9gitimes ou parce que vous concluez un contrat pour cela,<\/li><li>pour assurer le service client\u00e8le, ce qui inclut les services autour de l\u2019achat de services et\/ou produits et le traitement des r\u00e9clamations et des demandes en raison d\u2019un contrat dont vous faites partie, les obligations l\u00e9gales et\/ou nos int\u00e9r\u00eats l\u00e9gitimes,<\/li><li>pour envoyer des enqu\u00eates, des lettres d\u2019information et des messages marketing et de services par courrier \u00e9lectronique, t\u00e9l\u00e9phone ou courrier postal ou via les r\u00e9seaux sociaux et\/ou d\u2019autres canaux (vous pouvez toujours vous d\u00e9sabonner au marketing direct en vous y opposant ou en retirant votre autorisation si vous l\u2019avez donn\u00e9e),<\/li><li>pour ex\u00e9cuter des \u00e9tudes de march\u00e9 dans le but d\u2019am\u00e9liorer notre gestion d\u2019entreprise, nos marques, nos services et nos produits et de prendre en compte les souhaits des clients pour la poursuite d\u2019int\u00e9r\u00eats l\u00e9gitimes,<\/li><li>pour am\u00e9liorer notre communication en l\u2019adaptant \u00e0 vos pr\u00e9f\u00e9rences personnelles pour la poursuite de nos int\u00e9r\u00eats l\u00e9gitimes,<\/li><li>pour ex\u00e9cuter ou coordonner d\u2019\u00e9ventuels rappels de produits en raison d\u2019int\u00e9r\u00eats l\u00e9gitimes ou d\u2019obligations l\u00e9gales,<\/li><li>pour analyser votre comportement de surf \u00e0 l\u2019aide de cookies ou de techniques comparables lorsque cela est n\u00e9cessaire avec votre autorisation et autrement, pour la poursuite de nos int\u00e9r\u00eats l\u00e9gitimes.<\/li><\/ul>\n\n\n\n<p>Boutiques en ligne<\/p>\n\n\n\n<p>Truvion Healthcare g\u00e8re notamment des boutiques en ligne qui sont ax\u00e9es sur les clients et travaille en collaboration avec un prestataire de services logistiques dans ce cadre. Les donn\u00e9es personnelles sont \u00e9galement trait\u00e9es aux fins suivantes, afin de pr\u00e9parer, ex\u00e9cuter ou \u00e9valuer un contrat dont vous faites partie&nbsp;:<\/p>\n\n\n\n<ul><li>le\ntraitement et l\u2019administration des paiements,<\/li><li>le\ntraitement et l\u2019administration des commandes,<\/li><li>la\nlivraison des commandes,<\/li><li>la\npublication d\u2019avis et la r\u00e9ponse aux avis.<\/li><\/ul>\n\n\n\n<p><strong>Partage avec des tiers<\/strong><\/p>\n\n\n\n<p>Vos donn\u00e9es personnelles sont partag\u00e9es avec&nbsp;:<\/p>\n\n\n\n<ul><li>des\nservices de livraison et des parties qui envoient des messages \u00e0 notre demande,<\/li><li>des\nparties qui aident Truvion dans ses prestations de services sans \u00eatre des\nsous-traitants (comptables et conseillers (juridiques), par exemple), pour la\npoursuite de nos int\u00e9r\u00eats l\u00e9gitimes,<\/li><li>des\nacheteurs ou investisseurs (potentiels) pour des objectifs \u00e9conomiques\nl\u00e9gitimes (tels que la vente (possible) d\u2019activit\u00e9s de l\u2019entreprise ou\nd\u2019actions ou une r\u00e9organisation),<\/li><li>des\nautorit\u00e9s d\u2019application de la loi, dont des organismes d\u2019enqu\u00eate, ou d\u2019autres\ntiers, lorsque nous en avons l\u2019obligation l\u00e9gale.<\/li><\/ul>\n\n\n\n<p>La transmission de vos donn\u00e9es aux tiers susmentionn\u00e9s n\u2019aura lieu que dans la mesure autoris\u00e9e par les l\u00e9gislations et r\u00e9glementations applicables.<\/p>\n\n\n\n<p> Certains tiers auxquels Truvion fait appel sont qualifi\u00e9s de sous-traitants (des prestataires de services d\u2019h\u00e9bergement, certains fournisseurs de logiciels, des prestataires de services de mobilit\u00e9 ou des parties qui organisent ou ex\u00e9cutent des actions ou des recherches). Des accords sont conclus avec ces parties conform\u00e9ment aux exigences l\u00e9gales en vigueur. <\/p>\n\n\n\n<p><strong>Profilage et cookies<\/strong><\/p>\n\n\n\n<p>Nous pouvons vous envoyer des informations au sujet des produits et services en tenant compte des pr\u00e9f\u00e9rences de communication que vous nous indiquez et des donn\u00e9es dont nous disposons \u00e0 votre sujet. Nous pouvons partager les informations avec notre service client\u00e8le qui peut les utiliser lorsque vous nous contactez. Nous pouvons \u00e9galement collaborer avec des tiers afin d\u2019afficher des publicit\u00e9s adapt\u00e9es \u00e0 vos pr\u00e9f\u00e9rences sur les r\u00e9seaux sociaux ou, si vous avez autoris\u00e9 l\u2019utilisation de cookies (si cette autorisation est n\u00e9cessaire), lorsque vous surfez sur Internet\/consultez d\u2019autres sites Web (reportez-vous \u00e0 la d\u00e9claration de Truvion concernant les cookies pour plus d\u2019informations). Nous pouvons associer ces informations pour la poursuite de nos int\u00e9r\u00eats l\u00e9gitimes ou avec votre autorisation dans la mesure requise.<\/p>\n\n\n\n<p><strong>Transmission en dehors de l\u2019EEE<\/strong><\/p>\n\n\n\n<p> Si nous transmettons vos donn\u00e9es \u00e0 un pays situ\u00e9 hors de l\u2019EEE, nous vous en informerons et nous prendrons les garanties n\u00e9cessaires pour transf\u00e9rer les donn\u00e9es personnelles de mani\u00e8re l\u00e9gitime vers le pays en question. Contactez-nous par courrier \u00e9lectronique pour obtenir une copie des garanties.<\/p>\n\n\n\n<p><strong>Vos droits, y compris votre droit d\u2019opposition<\/strong><\/p>\n\n\n\n<p>Vous avez le droit de savoir quelles donn\u00e9es personnelles nous conservons \u00e0 votre sujet et dans quels buts. Vous pouvez \u00e9galement consulter ces donn\u00e9es et les am\u00e9liorer si n\u00e9cessaire. Si vous avez donn\u00e9 votre autorisation, vous pouvez \u00e0 tout moment la retirer, le traitement correspondant prendra alors fin. Vous avez \u00e9galement le droit de vous opposer, dans certains cas, aux traitements li\u00e9s au marketing direct et aux traitements bas\u00e9s sur le principe d\u2019int\u00e9r\u00eats l\u00e9gitimes et de nous demander de limiter l\u2019utilisation de vos donn\u00e9es personnelles ou d\u2019effacer ou transf\u00e9rer vos donn\u00e9es personnelles (portabilit\u00e9 des donn\u00e9es). Vous avez aussi le droit de d\u00e9poser une r\u00e9clamation aupr\u00e8s de l\u2019autorit\u00e9 en charge des donn\u00e9es personnelles. Vous ne pouvez exercer ces droits que dans la mesure autoris\u00e9e par la l\u00e9gislation applicable.<\/p>\n\n\n\n<p> Les coordonn\u00e9es de la soci\u00e9t\u00e9 Truvion Holding B.V. sont disponibles \u00e0 la fin de la pr\u00e9sente d\u00e9claration de confidentialit\u00e9 <\/p>\n\n\n\n<p>Nous nous r\u00e9servons le droit de refuser certaines demandes si cela est l\u00e9galement possible.<\/p>\n\n\n\n<p><strong>Dur\u00e9e de conservation<\/strong><\/p>\n\n\n\n<p>En principe, nous ne conservons pas vos donn\u00e9es personnelles plus longtemps que n\u00e9cessaire pour les objectifs pour lesquels nous les avons obtenues et pour remplir nos obligations l\u00e9gales. Cela signifie g\u00e9n\u00e9ralement que vos donn\u00e9es personnelles sont conserv\u00e9es dans la mesure o\u00f9 l\u2019une des situations suivantes s\u2019applique&nbsp;:<\/p>\n\n\n\n<ul><li><\/li><\/ul>\n\n\n\n<ul><li>vos\ndonn\u00e9es personnelles sont n\u00e9cessaires pour la livraison de services ou de\nproduits,<\/li><li>vos\ndonn\u00e9es personnelles sont n\u00e9cessaires pour prot\u00e9ger et d\u00e9fendre nos droits et\npropri\u00e9t\u00e9s (normalement, pendant la dur\u00e9e du d\u00e9lai de prescription l\u00e9gal\napplicable) ou<\/li><li>nous\nsommes dans l\u2019obligation l\u00e9gale de conserver vos donn\u00e9es personnelles\n(l\u00e9gislation fiscale, par exemple).<\/li><\/ul>\n\n\n\n<p><strong>Modifications de la pr\u00e9sente d\u00e9claration de confidentialit\u00e9<\/strong><\/p>\n\n\n\n<p>Nous nous r\u00e9servons le droit de modifier ou compl\u00e9ter la pr\u00e9sente d\u00e9claration de confidentialit\u00e9 de mani\u00e8re unilat\u00e9rale. Les modifications sont annonc\u00e9es sur notre site Web lorsque nous en avons l\u2019obligation l\u00e9gale.<\/p>\n\n\n\n<p><strong>Contact avec Truvion<\/strong><\/p>\n\n\n\n<p>Si vous avez des questions ou des remarques concernant la pr\u00e9sente d\u00e9claration de confidentialit\u00e9 et\/ou le traitement des donn\u00e9es personnelles, vous pouvez nous contacter via:<\/p>\n\n\n\n<p>Truvion Holding B.V.<br>Nijverheidslaan 28<br>1382 LJ Weesp<br>+31(0)294 461 122<br><a href=\"mailto:info@truvionhealthcare.com\">info@truvionhealthcare.com<\/a><\/p>\n\n\n\n<p>La pr\u00e9sente d\u00e9claration de confidentialit\u00e9 a \u00e9t\u00e9 modifi\u00e9e pour la derni\u00e8re fois le 1&nbsp;juin&nbsp;2024.<\/p>\n","protected":false},"excerpt":{"rendered":"<p>D\u00e9claration de confidentialit\u00e9 Nous, Truvion Holding B.V. (\u00ab&nbsp;Truvion&nbsp;\u00bb ou \u00ab&nbsp;nous\/notre\/nos&nbsp;\u00bb), expliquons, dans la pr\u00e9sente d\u00e9claration de confidentialit\u00e9, comment nous traitons les donn\u00e9es personnelles des clients, des clients potentiels et autres personnes avec lesquelles Truvion a conclu (indirectement) un contrat ou est en contact (acheteurs, fournisseurs et, le cas \u00e9ch\u00e9ant, leurs fournisseurs). Truvion Healthcare B.V. et [&#8230;]\n","protected":false},"author":166,"featured_media":0,"parent":0,"menu_order":0,"comment_status":"closed","ping_status":"closed","template":"page-left-sidebar.php","meta":[],"yoast_head":"<!-- This site is optimized with the Yoast SEO plugin v17.9 - https:\/\/yoast.com\/wordpress\/plugins\/seo\/ -->\n<title>D\u00e9claration de confidentialit\u00e9 - Truvion Healthcare<\/title>\n<meta name=\"robots\" content=\"index, follow, max-snippet:-1, max-image-preview:large, max-video-preview:-1\" \/>\n<link rel=\"canonical\" href=\"https:\/\/www.truvionhealthcare.com\/fr\/privacyverklaring-2\/\" \/>\n<meta property=\"og:locale\" content=\"fr_FR\" \/>\n<meta property=\"og:type\" content=\"article\" \/>\n<meta property=\"og:title\" content=\"D\u00e9claration de confidentialit\u00e9 - Truvion Healthcare\" \/>\n<meta property=\"og:description\" content=\"D\u00e9claration de confidentialit\u00e9 Nous, Truvion Holding B.V. (\u00ab&nbsp;Truvion&nbsp;\u00bb ou \u00ab&nbsp;nous\/notre\/nos&nbsp;\u00bb), expliquons, dans la pr\u00e9sente d\u00e9claration de confidentialit\u00e9, comment nous traitons les donn\u00e9es personnelles des clients, des clients potentiels et autres personnes avec lesquelles Truvion a conclu (indirectement) un contrat ou est en contact (acheteurs, fournisseurs et, le cas \u00e9ch\u00e9ant, leurs fournisseurs). Truvion Healthcare B.V. et [...]\" \/>\n<meta property=\"og:url\" content=\"https:\/\/www.truvionhealthcare.com\/fr\/privacyverklaring-2\/\" \/>\n<meta property=\"og:site_name\" content=\"Truvion Healthcare\" \/>\n<meta property=\"article:modified_time\" content=\"2025-03-28T15:21:25+00:00\" \/>\n<meta name=\"twitter:card\" content=\"summary_large_image\" \/>\n<meta name=\"twitter:label1\" content=\"Dur\u00e9e de lecture estim\u00e9e\" \/>\n\t<meta name=\"twitter:data1\" content=\"8 minutes\" \/>\n<script type=\"application\/ld+json\" class=\"yoast-schema-graph\">{\"@context\":\"https:\/\/schema.org\",\"@graph\":[{\"@type\":\"WebSite\",\"@id\":\"https:\/\/www.truvionhealthcare.com\/#website\",\"url\":\"https:\/\/www.truvionhealthcare.com\/\",\"name\":\"Truvion Healthcare\",\"description\":\"\",\"potentialAction\":[{\"@type\":\"SearchAction\",\"target\":{\"@type\":\"EntryPoint\",\"urlTemplate\":\"https:\/\/www.truvionhealthcare.com\/?s={search_term_string}\"},\"query-input\":\"required name=search_term_string\"}],\"inLanguage\":\"fr-FR\"},{\"@type\":\"WebPage\",\"@id\":\"https:\/\/www.truvionhealthcare.com\/fr\/privacyverklaring-2\/#webpage\",\"url\":\"https:\/\/www.truvionhealthcare.com\/fr\/privacyverklaring-2\/\",\"name\":\"D\\u00e9claration de confidentialit\\u00e9 - Truvion Healthcare\",\"isPartOf\":{\"@id\":\"https:\/\/www.truvionhealthcare.com\/#website\"},\"datePublished\":\"2019-05-24T13:25:48+00:00\",\"dateModified\":\"2025-03-28T15:21:25+00:00\",\"breadcrumb\":{\"@id\":\"https:\/\/www.truvionhealthcare.com\/fr\/privacyverklaring-2\/#breadcrumb\"},\"inLanguage\":\"fr-FR\",\"potentialAction\":[{\"@type\":\"ReadAction\",\"target\":[\"https:\/\/www.truvionhealthcare.com\/fr\/privacyverklaring-2\/\"]}]},{\"@type\":\"BreadcrumbList\",\"@id\":\"https:\/\/www.truvionhealthcare.com\/fr\/privacyverklaring-2\/#breadcrumb\",\"itemListElement\":[{\"@type\":\"ListItem\",\"position\":1,\"name\":\"Home\",\"item\":\"https:\/\/www.truvionhealthcare.com\/fr\/\"},{\"@type\":\"ListItem\",\"position\":2,\"name\":\"D\\u00e9claration de confidentialit\\u00e9\"}]}]}<\/script>\n<!-- \/ Yoast SEO plugin. -->","yoast_head_json":{"title":"D\u00e9claration de confidentialit\u00e9 - Truvion Healthcare","robots":{"index":"index","follow":"follow","max-snippet":"max-snippet:-1","max-image-preview":"max-image-preview:large","max-video-preview":"max-video-preview:-1"},"canonical":"https:\/\/www.truvionhealthcare.com\/fr\/privacyverklaring-2\/","og_locale":"fr_FR","og_type":"article","og_title":"D\u00e9claration de confidentialit\u00e9 - Truvion Healthcare","og_description":"D\u00e9claration de confidentialit\u00e9 Nous, Truvion Holding B.V. (\u00ab&nbsp;Truvion&nbsp;\u00bb ou \u00ab&nbsp;nous\/notre\/nos&nbsp;\u00bb), expliquons, dans la pr\u00e9sente d\u00e9claration de confidentialit\u00e9, comment nous traitons les donn\u00e9es personnelles des clients, des clients potentiels et autres personnes avec lesquelles Truvion a conclu (indirectement) un contrat ou est en contact (acheteurs, fournisseurs et, le cas \u00e9ch\u00e9ant, leurs fournisseurs). Truvion Healthcare B.V. et [...]","og_url":"https:\/\/www.truvionhealthcare.com\/fr\/privacyverklaring-2\/","og_site_name":"Truvion Healthcare","article_modified_time":"2025-03-28T15:21:25+00:00","twitter_card":"summary_large_image","twitter_misc":{"Dur\u00e9e de lecture estim\u00e9e":"8 minutes"},"schema":{"@context":"https:\/\/schema.org","@graph":[{"@type":"WebSite","@id":"https:\/\/www.truvionhealthcare.com\/#website","url":"https:\/\/www.truvionhealthcare.com\/","name":"Truvion Healthcare","description":"","potentialAction":[{"@type":"SearchAction","target":{"@type":"EntryPoint","urlTemplate":"https:\/\/www.truvionhealthcare.com\/?s={search_term_string}"},"query-input":"required name=search_term_string"}],"inLanguage":"fr-FR"},{"@type":"WebPage","@id":"https:\/\/www.truvionhealthcare.com\/fr\/privacyverklaring-2\/#webpage","url":"https:\/\/www.truvionhealthcare.com\/fr\/privacyverklaring-2\/","name":"D\u00e9claration de confidentialit\u00e9 - Truvion Healthcare","isPartOf":{"@id":"https:\/\/www.truvionhealthcare.com\/#website"},"datePublished":"2019-05-24T13:25:48+00:00","dateModified":"2025-03-28T15:21:25+00:00","breadcrumb":{"@id":"https:\/\/www.truvionhealthcare.com\/fr\/privacyverklaring-2\/#breadcrumb"},"inLanguage":"fr-FR","potentialAction":[{"@type":"ReadAction","target":["https:\/\/www.truvionhealthcare.com\/fr\/privacyverklaring-2\/"]}]},{"@type":"BreadcrumbList","@id":"https:\/\/www.truvionhealthcare.com\/fr\/privacyverklaring-2\/#breadcrumb","itemListElement":[{"@type":"ListItem","position":1,"name":"Home","item":"https:\/\/www.truvionhealthcare.com\/fr\/"},{"@type":"ListItem","position":2,"name":"D\u00e9claration de confidentialit\u00e9"}]}]}},"_links":{"self":[{"href":"https:\/\/www.truvionhealthcare.com\/fr\/wp-json\/wp\/v2\/pages\/1714"}],"collection":[{"href":"https:\/\/www.truvionhealthcare.com\/fr\/wp-json\/wp\/v2\/pages"}],"about":[{"href":"https:\/\/www.truvionhealthcare.com\/fr\/wp-json\/wp\/v2\/types\/page"}],"author":[{"embeddable":true,"href":"https:\/\/www.truvionhealthcare.com\/fr\/wp-json\/wp\/v2\/users\/166"}],"replies":[{"embeddable":true,"href":"https:\/\/www.truvionhealthcare.com\/fr\/wp-json\/wp\/v2\/comments?post=1714"}],"version-history":[{"count":9,"href":"https:\/\/www.truvionhealthcare.com\/fr\/wp-json\/wp\/v2\/pages\/1714\/revisions"}],"predecessor-version":[{"id":5297,"href":"https:\/\/www.truvionhealthcare.com\/fr\/wp-json\/wp\/v2\/pages\/1714\/revisions\/5297"}],"wp:attachment":[{"href":"https:\/\/www.truvionhealthcare.com\/fr\/wp-json\/wp\/v2\/media?parent=1714"}],"curies":[{"name":"wp","href":"https:\/\/api.w.org\/{rel}","templated":true}]}}