{"id":1626,"date":"2019-05-23T11:34:16","date_gmt":"2019-05-23T11:34:16","guid":{"rendered":"https:\/\/www.truvionhealthcare.com\/?page_id=1626"},"modified":"2025-04-14T10:27:05","modified_gmt":"2025-04-14T10:27:05","slug":"contact-2","status":"publish","type":"page","link":"https:\/\/www.truvionhealthcare.com\/fr\/contact-2\/","title":{"rendered":"Contact"},"content":{"rendered":"\n\n  <div class=\"banner has-hover\" id=\"banner-557801816\">\n          <div class=\"banner-inner fill\">\n        <div class=\"banner-bg fill\" >\n            <div class=\"bg fill bg-fill \"><\/div>\n                                    \n                    <\/div>\n        <div class=\"banner-layers container\">\n            <div class=\"fill banner-link\"><\/div>            \n\n   <div id=\"text-box-161668655\" class=\"text-box banner-layer x50 md-x50 lg-x50 y50 md-y50 lg-y50 res-text\">\n                                <div class=\"text-box-content text dark\">\n              \n              <div class=\"text-inner text-center\">\n                  \n\n\n              <\/div>\n           <\/div>\n                            \n<style>\n#text-box-161668655 {\n  width: 60%;\n}\n#text-box-161668655 .text-box-content {\n  font-size: 100%;\n}\n<\/style>\n    <\/div>\n \n\n        <\/div>\n      <\/div>\n\n            \n<style>\n#banner-557801816 {\n  padding-top: 380px;\n}\n#banner-557801816 .bg.bg-loaded {\n  background-image: url(https:\/\/www.truvionhealthcare.com\/wp-content\/uploads\/sites\/8\/2019\/03\/Truvion-Healthcare-Home-1024x683.png);\n}\n<\/style>\n  <\/div>\n\n\n<div class=\"message-box relative dark\" style=\"padding-top:15px;padding-bottom:15px;\"><div class=\"message-box-bg-image bg-fill fill\" ><\/div><div class=\"message-box-bg-overlay bg-fill fill\" style=\"background-color:rgb(78, 96, 169);\"><\/div><div class=\"container relative\"><div class=\"inner last-reset\">\n\n<p style=\"text-align: center\">Vous pouvez nous joindre par t\u00e9l\u00e9phone et par courrier \u00e9lectronique du lundi au vendredi, de 9&nbsp;heures \u00e0 17&nbsp;heures.<\/p>\n\n<\/div><\/div><\/div>\n\t<section class=\"section\" id=\"section_1676987734\">\n\t\t<div class=\"bg section-bg fill bg-fill  bg-loaded\" >\n\n\t\t\t\n\t\t\t\n\t\t\t\n\t<div class=\"is-border\"\n\t\tstyle=\"border-color:rgb(235, 235, 235);border-width:1px 0px 0px 0px;\">\n\t<\/div>\n\n\t\t<\/div>\n\n\t\t<div class=\"section-content relative\">\n\t\t\t\n\n<div class=\"row\"  id=\"row-1803603161\">\n\n\n\t<div id=\"col-1599249138\" class=\"col medium-4 small-12 large-4\"  >\n\t\t\t\t<div class=\"col-inner\"  >\n\t\t\t\n\t\t\t\n\n\t<div class=\"img has-hover x md-x lg-x y md-y lg-y\" id=\"image_1625640926\">\n\t\t\t\t\t\t\t\t<div class=\"img-inner dark\" >\n\t\t\t<img width=\"1020\" height=\"680\" src=\"https:\/\/www.truvionhealthcare.com\/wp-content\/uploads\/sites\/8\/2025\/03\/Flag_of_the_Netherlands.svg-1024x683.png\" class=\"attachment-large size-large\" alt=\"\" loading=\"lazy\" srcset=\"https:\/\/www.truvionhealthcare.com\/wp-content\/uploads\/sites\/8\/2025\/03\/Flag_of_the_Netherlands.svg-1024x683.png 1024w, https:\/\/www.truvionhealthcare.com\/wp-content\/uploads\/sites\/8\/2025\/03\/Flag_of_the_Netherlands.svg-300x200.png 300w, https:\/\/www.truvionhealthcare.com\/wp-content\/uploads\/sites\/8\/2025\/03\/Flag_of_the_Netherlands.svg-768x512.png 768w, https:\/\/www.truvionhealthcare.com\/wp-content\/uploads\/sites\/8\/2025\/03\/Flag_of_the_Netherlands.svg.png 1200w\" sizes=\"(max-width: 1020px) 100vw, 1020px\" \/>\t\t\t\t\t\t\n\t\t\t\t\t<\/div>\n\t\t\t\t\t\t\t\t\n<style>\n#image_1625640926 {\n  width: 20%;\n}\n<\/style>\n\t<\/div>\n\t\n\n\n\t\t<\/div>\n\t\t\t\t\t<\/div>\n\n\t\n\n\t<div id=\"col-955168902\" class=\"col medium-4 small-12 large-4\"  >\n\t\t\t\t<div class=\"col-inner\"  >\n\t\t\t\n\t\t\t\n\n\t<div class=\"img has-hover x md-x lg-x y md-y lg-y\" id=\"image_1675490666\">\n\t\t\t\t\t\t\t\t<div class=\"img-inner dark\" >\n\t\t\t<img width=\"241\" height=\"209\" src=\"https:\/\/www.truvionhealthcare.com\/wp-content\/uploads\/sites\/8\/2025\/03\/Flag-of-Belgium.png\" class=\"attachment-large size-large\" alt=\"\" loading=\"lazy\" \/>\t\t\t\t\t\t\n\t\t\t\t\t<\/div>\n\t\t\t\t\t\t\t\t\n<style>\n#image_1675490666 {\n  width: 20%;\n}\n<\/style>\n\t<\/div>\n\t\n\n\n\t\t<\/div>\n\t\t\t\t\t<\/div>\n\n\t\n\n\t<div id=\"col-1152010219\" class=\"col medium-4 small-12 large-4\"  >\n\t\t\t\t<div class=\"col-inner\"  >\n\t\t\t\n\t\t\t\n\n\t<div class=\"img has-hover x md-x lg-x y md-y lg-y\" id=\"image_937211493\">\n\t\t\t\t\t\t\t\t<div class=\"img-inner image-cover dark\" style=\"padding-top:50px;\">\n\t\t\t<img width=\"1020\" height=\"510\" src=\"https:\/\/www.truvionhealthcare.com\/wp-content\/uploads\/sites\/8\/2025\/03\/1280px-Flag_of_the_United_Kingdom.svg_-1024x512.png\" class=\"attachment-large size-large\" alt=\"\" loading=\"lazy\" srcset=\"https:\/\/www.truvionhealthcare.com\/wp-content\/uploads\/sites\/8\/2025\/03\/1280px-Flag_of_the_United_Kingdom.svg_-1024x512.png 1024w, https:\/\/www.truvionhealthcare.com\/wp-content\/uploads\/sites\/8\/2025\/03\/1280px-Flag_of_the_United_Kingdom.svg_-300x150.png 300w, https:\/\/www.truvionhealthcare.com\/wp-content\/uploads\/sites\/8\/2025\/03\/1280px-Flag_of_the_United_Kingdom.svg_-768x384.png 768w, https:\/\/www.truvionhealthcare.com\/wp-content\/uploads\/sites\/8\/2025\/03\/1280px-Flag_of_the_United_Kingdom.svg_.png 1280w\" sizes=\"(max-width: 1020px) 100vw, 1020px\" \/>\t\t\t\t\t\t\n\t\t\t\t\t<\/div>\n\t\t\t\t\t\t\t\t\n<style>\n#image_937211493 {\n  width: 20%;\n}\n<\/style>\n\t<\/div>\n\t\n\n\n\t\t<\/div>\n\t\t\t\t\t<\/div>\n\n\t\n\n<\/div>\n<div class=\"row\"  id=\"row-1599207742\">\n\n\n\t<div id=\"col-24127065\" class=\"col medium-4 small-12 large-4\"  >\n\t\t\t\t<div class=\"col-inner\"  >\n\t\t\t\n\t\t\t\n\n<p><strong>LES PAYS BAS<\/strong><\/p>\n\n\t\t<\/div>\n\t\t\t\t\t<\/div>\n\n\t\n\n\t<div id=\"col-1364399196\" class=\"col medium-4 small-12 large-4\"  >\n\t\t\t\t<div class=\"col-inner\"  >\n\t\t\t\n\t\t\t\n\n<p><strong>BELGIQUE<\/strong><\/p>\n\n\t\t<\/div>\n\t\t\t\t\t<\/div>\n\n\t\n\n\t<div id=\"col-865744312\" class=\"col medium-4 small-12 large-4\"  >\n\t\t\t\t<div class=\"col-inner\"  >\n\t\t\t\n\t\t\t\n\n<p><strong>ROYAUME-UNI<\/strong><\/p>\n\n\t\t<\/div>\n\t\t\t\t\t<\/div>\n\n\t\n\n<\/div>\n<div class=\"row\"  id=\"row-1830656994\">\n\n\n\t<div id=\"col-922166992\" class=\"col medium-4 small-12 large-4\"  >\n\t\t\t\t<div class=\"col-inner\"  >\n\t\t\t\n\t\t\t\n\n<p>Truvion Healthcare B.V.<\/p>\n<p>Nijverheidslaan 28<br \/>1382 LJ Weesp<br \/>Pays Bas<\/p>\n<p>Bo\u00eete postale 145<br \/>1380AC Weesp<br \/>Pays Bas<\/p>\n\n\t\t<\/div>\n\t\t\t\t\t<\/div>\n\n\t\n\n\t<div id=\"col-359351678\" class=\"col medium-4 small-12 large-4\"  >\n\t\t\t\t<div class=\"col-inner\"  >\n\t\t\t\n\t\t\t\n\n<p>Truvion Healthcare N.V.<\/p>\n<p>Walgoedstraat 12A<br \/>9140 Temse<br \/>Belgique<\/p>\n\n\t\t<\/div>\n\t\t\t\t\t<\/div>\n\n\t\n\n\t<div id=\"col-1189590122\" class=\"col medium-4 small-12 large-4\"  >\n\t\t\t\t<div class=\"col-inner\"  >\n\t\t\t\n\t\t\t\n\n<p>Truvion Healthcare Ltd<\/p>\n<p>Highfield Court Tollgate<br \/>Chandlers Ford Eastleigh<br \/>SO53 3TY Hampshire<br \/>Royaume-uni<\/p>\n\n\t\t<\/div>\n\t\t\t\t\t<\/div>\n\n\t\n\n<\/div>\n<div class=\"row\"  id=\"row-1502283177\">\n\n\n\t<div id=\"col-94495956\" class=\"col medium-4 small-12 large-4\"  >\n\t\t\t\t<div class=\"col-inner\"  >\n\t\t\t\n\t\t\t\n\n<p>+31(0)294-461122<br \/><a href=\"mailto:info@truvionhealthcare.com\" target=\"_blank\" rel=\"noopener\">info@truvionhealthcare.com<\/a><br \/><a href=\"http:\/\/www.truvionhealthcare.com\">www.truvionhealthcare.com<\/a><\/p>\n<p>Pour des plaintes de produits, la vigilance (effets ind\u00e9sirables et situations particuli\u00e8res), l\u2019information m\u00e9dicale et autres questions:<\/p>\n<p><a href=\"mailto:info@truvionhealthcare.com\" target=\"_blank\" rel=\"noopener\">info@truvionhealthcare.com<\/a><a href=\"mailto:info@truvionhealthcare.be\" target=\"_blank\" rel=\"noopener\">\u00a0<\/a><\/p>\n<p>TVA NL812566853B01<strong><br \/><\/strong>KvK 32098638<\/p>\n\n\t\t<\/div>\n\t\t\t\t\t<\/div>\n\n\t\n\n\t<div id=\"col-1352156298\" class=\"col medium-4 small-12 large-4\"  >\n\t\t\t\t<div class=\"col-inner\"  >\n\t\t\t\n\t\t\t\n\n<p>+32(0)3-7809030<br \/><a href=\"mailto:info@truvionhealthcare.be\" target=\"_blank\" rel=\"noopener\">info@truvionhealthcare.be<\/a><span data-text-color=\"primary\"><strong><br \/><\/strong><\/span><a href=\"http:\/\/www.truvionhealthcare.com\">www.truvionhealthcare.be<\/a><\/p>\n<p>Pour des plaintes de produits, la vigilance (effets ind\u00e9sirables et situations particuli\u00e8res), l\u2019information m\u00e9dicale et autres questions:<\/p>\n<p><a href=\"mailto:info@truvionhealthcare.be\" target=\"_blank\" rel=\"noopener\">info@truvionhealthcare.be<\/a><\/p>\n<p>TVA BE0414047864<strong>\u200b<\/strong><\/p>\n\n\t\t<\/div>\n\t\t\t\t\t<\/div>\n\n\t\n\n\t<div id=\"col-1233633549\" class=\"col medium-4 small-12 large-4\"  >\n\t\t\t\t<div class=\"col-inner\"  >\n\t\t\t\n\t\t\t\n\n<p><br \/><a href=\"mailto:info@truvionhealthcare.co.uk\" target=\"_blank\" rel=\"noopener\">info@truvionhealthcare.co.uk<\/a><span data-text-color=\"primary\"><strong><br \/><\/strong><\/span><a href=\"http:\/\/www.truvionhealthcare.com\" target=\"_blank\" rel=\"noopener\">www.truvionhealthcare.com<\/a><\/p>\n<p>Pour des plaintes de produits, la vigilance (effets ind\u00e9sirables et situations particuli\u00e8res), l\u2019information m\u00e9dicale et autres questions:<\/p>\n<p><a href=\"mailto:info@truvionhealthcare.co.uk\" target=\"_blank\" rel=\"noopener\"><strong>info@truvionhealthcare.co.uk<\/strong><\/a><\/p>\n<p>TVA 471 0398 94<\/p>\n\n\t\t<\/div>\n\t\t\t\t\t<\/div>\n\n\t\n\n<\/div>\n\n\t\t<\/div>\n\n\t\t\n<style>\n#section_1676987734 {\n  padding-top: 60px;\n  padding-bottom: 60px;\n  min-height: 300px;\n  background-color: rgb(245, 245, 245);\n}\n<\/style>\n\t<\/section>\n\t\n\t<section class=\"section\" id=\"section_752766551\">\n\t\t<div class=\"bg section-bg fill bg-fill  bg-loaded\" >\n\n\t\t\t\n\t\t\t\n\t\t\t\n\n\t\t<\/div>\n\n\t\t<div class=\"section-content relative\">\n\t\t\t\n\n\n\t\t<\/div>\n\n\t\t\n<style>\n#section_752766551 {\n  padding-top: 30px;\n  padding-bottom: 30px;\n  background-color: #4e60a9;\n}\n<\/style>\n\t<\/section>\n\t\n\n","protected":false},"excerpt":{"rendered":"","protected":false},"author":5,"featured_media":0,"parent":0,"menu_order":0,"comment_status":"closed","ping_status":"closed","template":"page-blank.php","meta":[],"yoast_head":"<!-- This site is optimized with the Yoast SEO plugin v17.9 - https:\/\/yoast.com\/wordpress\/plugins\/seo\/ -->\n<title>Contact - Truvion Healthcare<\/title>\n<meta name=\"robots\" content=\"index, follow, max-snippet:-1, max-image-preview:large, max-video-preview:-1\" \/>\n<link rel=\"canonical\" href=\"https:\/\/www.truvionhealthcare.com\/fr\/contact-2\/\" \/>\n<meta property=\"og:locale\" content=\"fr_FR\" \/>\n<meta property=\"og:type\" content=\"article\" \/>\n<meta property=\"og:title\" content=\"Contact - Truvion Healthcare\" \/>\n<meta property=\"og:url\" content=\"https:\/\/www.truvionhealthcare.com\/fr\/contact-2\/\" \/>\n<meta property=\"og:site_name\" content=\"Truvion Healthcare\" \/>\n<meta property=\"article:modified_time\" content=\"2025-04-14T10:27:05+00:00\" \/>\n<meta name=\"twitter:card\" content=\"summary_large_image\" \/>\n<meta name=\"twitter:label1\" content=\"Dur\u00e9e de lecture estim\u00e9e\" \/>\n\t<meta name=\"twitter:data1\" content=\"1 minute\" \/>\n<script type=\"application\/ld+json\" class=\"yoast-schema-graph\">{\"@context\":\"https:\/\/schema.org\",\"@graph\":[{\"@type\":\"WebSite\",\"@id\":\"https:\/\/www.truvionhealthcare.com\/#website\",\"url\":\"https:\/\/www.truvionhealthcare.com\/\",\"name\":\"Truvion Healthcare\",\"description\":\"\",\"potentialAction\":[{\"@type\":\"SearchAction\",\"target\":{\"@type\":\"EntryPoint\",\"urlTemplate\":\"https:\/\/www.truvionhealthcare.com\/?s={search_term_string}\"},\"query-input\":\"required name=search_term_string\"}],\"inLanguage\":\"fr-FR\"},{\"@type\":\"WebPage\",\"@id\":\"https:\/\/www.truvionhealthcare.com\/fr\/contact-2\/#webpage\",\"url\":\"https:\/\/www.truvionhealthcare.com\/fr\/contact-2\/\",\"name\":\"Contact - Truvion Healthcare\",\"isPartOf\":{\"@id\":\"https:\/\/www.truvionhealthcare.com\/#website\"},\"datePublished\":\"2019-05-23T11:34:16+00:00\",\"dateModified\":\"2025-04-14T10:27:05+00:00\",\"breadcrumb\":{\"@id\":\"https:\/\/www.truvionhealthcare.com\/fr\/contact-2\/#breadcrumb\"},\"inLanguage\":\"fr-FR\",\"potentialAction\":[{\"@type\":\"ReadAction\",\"target\":[\"https:\/\/www.truvionhealthcare.com\/fr\/contact-2\/\"]}]},{\"@type\":\"BreadcrumbList\",\"@id\":\"https:\/\/www.truvionhealthcare.com\/fr\/contact-2\/#breadcrumb\",\"itemListElement\":[{\"@type\":\"ListItem\",\"position\":1,\"name\":\"Home\",\"item\":\"https:\/\/www.truvionhealthcare.com\/fr\/\"},{\"@type\":\"ListItem\",\"position\":2,\"name\":\"Contact\"}]}]}<\/script>\n<!-- \/ Yoast SEO plugin. -->","yoast_head_json":{"title":"Contact - Truvion Healthcare","robots":{"index":"index","follow":"follow","max-snippet":"max-snippet:-1","max-image-preview":"max-image-preview:large","max-video-preview":"max-video-preview:-1"},"canonical":"https:\/\/www.truvionhealthcare.com\/fr\/contact-2\/","og_locale":"fr_FR","og_type":"article","og_title":"Contact - Truvion Healthcare","og_url":"https:\/\/www.truvionhealthcare.com\/fr\/contact-2\/","og_site_name":"Truvion Healthcare","article_modified_time":"2025-04-14T10:27:05+00:00","twitter_card":"summary_large_image","twitter_misc":{"Dur\u00e9e de lecture estim\u00e9e":"1 minute"},"schema":{"@context":"https:\/\/schema.org","@graph":[{"@type":"WebSite","@id":"https:\/\/www.truvionhealthcare.com\/#website","url":"https:\/\/www.truvionhealthcare.com\/","name":"Truvion Healthcare","description":"","potentialAction":[{"@type":"SearchAction","target":{"@type":"EntryPoint","urlTemplate":"https:\/\/www.truvionhealthcare.com\/?s={search_term_string}"},"query-input":"required name=search_term_string"}],"inLanguage":"fr-FR"},{"@type":"WebPage","@id":"https:\/\/www.truvionhealthcare.com\/fr\/contact-2\/#webpage","url":"https:\/\/www.truvionhealthcare.com\/fr\/contact-2\/","name":"Contact - Truvion Healthcare","isPartOf":{"@id":"https:\/\/www.truvionhealthcare.com\/#website"},"datePublished":"2019-05-23T11:34:16+00:00","dateModified":"2025-04-14T10:27:05+00:00","breadcrumb":{"@id":"https:\/\/www.truvionhealthcare.com\/fr\/contact-2\/#breadcrumb"},"inLanguage":"fr-FR","potentialAction":[{"@type":"ReadAction","target":["https:\/\/www.truvionhealthcare.com\/fr\/contact-2\/"]}]},{"@type":"BreadcrumbList","@id":"https:\/\/www.truvionhealthcare.com\/fr\/contact-2\/#breadcrumb","itemListElement":[{"@type":"ListItem","position":1,"name":"Home","item":"https:\/\/www.truvionhealthcare.com\/fr\/"},{"@type":"ListItem","position":2,"name":"Contact"}]}]}},"_links":{"self":[{"href":"https:\/\/www.truvionhealthcare.com\/fr\/wp-json\/wp\/v2\/pages\/1626"}],"collection":[{"href":"https:\/\/www.truvionhealthcare.com\/fr\/wp-json\/wp\/v2\/pages"}],"about":[{"href":"https:\/\/www.truvionhealthcare.com\/fr\/wp-json\/wp\/v2\/types\/page"}],"author":[{"embeddable":true,"href":"https:\/\/www.truvionhealthcare.com\/fr\/wp-json\/wp\/v2\/users\/5"}],"replies":[{"embeddable":true,"href":"https:\/\/www.truvionhealthcare.com\/fr\/wp-json\/wp\/v2\/comments?post=1626"}],"version-history":[{"count":29,"href":"https:\/\/www.truvionhealthcare.com\/fr\/wp-json\/wp\/v2\/pages\/1626\/revisions"}],"predecessor-version":[{"id":5363,"href":"https:\/\/www.truvionhealthcare.com\/fr\/wp-json\/wp\/v2\/pages\/1626\/revisions\/5363"}],"wp:attachment":[{"href":"https:\/\/www.truvionhealthcare.com\/fr\/wp-json\/wp\/v2\/media?parent=1626"}],"curies":[{"name":"wp","href":"https:\/\/api.w.org\/{rel}","templated":true}]}}