{"id":1621,"date":"2019-05-24T13:20:25","date_gmt":"2019-05-24T13:20:25","guid":{"rendered":"https:\/\/www.truvionhealthcare.com\/?page_id=1621"},"modified":"2025-04-04T12:54:46","modified_gmt":"2025-04-04T12:54:46","slug":"home","status":"publish","type":"page","link":"https:\/\/www.truvionhealthcare.com\/fr\/","title":{"rendered":"Home"},"content":{"rendered":"\n\n\n\n  <div class=\"banner has-hover bg-zoom bg-zoom\" id=\"banner-1829188091\">\n          <div class=\"banner-inner fill\">\n        <div class=\"banner-bg fill\" >\n            <div class=\"bg fill bg-fill \"><\/div>\n                                    \n                    <\/div>\n        <div class=\"banner-layers container\">\n            <div class=\"fill banner-link\"><\/div>            \n\n   <div id=\"text-box-42748231\" class=\"text-box banner-layer x10 md-x10 lg-x10 y50 md-y50 lg-y50 res-text\">\n                     <div data-animate=\"fadeInLeft\">           <div class=\"text-box-content text dark text-shadow-5\">\n              \n              <div class=\"text-inner text-center\">\n                  \n\n<p>Il est temps qu&rsquo;une organisation pense r\u00e9ellement \u00e0 l&rsquo;int\u00e9r\u00eat <strong>du patient et du consommateur<\/strong> et remette les habitudes en question tout en proposant une alternative.<\/p>\n\n              <\/div>\n           <\/div>\n       <\/div>                     \n<style>\n#text-box-42748231 {\n  margin: 0px 0px 0px 0px;\n  width: 60%;\n}\n#text-box-42748231 .text-box-content {\n  background-color: rgb(78, 96, 169);\n  border-radius: 3px;\n  font-size: 100%;\n}\n#text-box-42748231 .text-inner {\n  padding: 30px 30px 30px 30px;\n}\n@media (min-width:550px) {\n  #text-box-42748231 {\n    width: 27%;\n  }\n}\n<\/style>\n    <\/div>\n \n\n        <\/div>\n      <\/div>\n\n            \n<style>\n#banner-1829188091 {\n  padding-top: 534px;\n  background-color: rgb(255, 255, 255);\n}\n#banner-1829188091 .bg.bg-loaded {\n  background-image: url(https:\/\/www.truvionhealthcare.com\/wp-content\/uploads\/sites\/8\/2019\/03\/Truvion-Healthcare-Home-1024x683.png);\n}\n<\/style>\n  <\/div>\n\n\n\n\t\t<div class=\"icon-box featured-box icon-box-top text-left\"  >\n\t\t\t\t<div class=\"icon-box-text last-reset\">\n\t\t\t\t\t\t\t\t\t\n\n\t<section class=\"section\" id=\"section_1473057451\">\n\t\t<div class=\"bg section-bg fill bg-fill  bg-loaded\" >\n\n\t\t\t\n\t\t\t<div class=\"section-bg-overlay absolute fill\"><\/div>\n\t\t\t\n\n\t\t<\/div>\n\n\t\t<div class=\"section-content relative\">\n\t\t\t\n\n<div class=\"row row-large align-center\"  id=\"row-68986292\">\n\n\n\t<div id=\"col-1380909524\" class=\"col medium-8 small-12 large-8\"  >\n\t\t\t\t<div class=\"col-inner text-center\"  >\n\t\t\t\n\t\t\t\n\n<p style=\"text-align: center\"><span data-text-color=\"primary\"><br \/>Le secteur des<strong> soins de sant\u00e9<\/strong> conna\u00eet une <strong>transformation rapide<\/strong>. Les Pay-Bas et la Belgique vieillissent, la pression des prix augmente, les consommateurs sont plus exigeants et la soci\u00e9t\u00e9 devient de plus en plus transparente. Il est temps de faire les choses autrement. <strong>Il est temps qu\u2019une organisation aborde les soins de sant\u00e9 diff\u00e9remment.<\/strong> Comme Truvion Healthcare, par exemple, qui d\u00e9veloppe des concepts, des services et des produits <strong>innovants<\/strong>.<\/span><\/p>\n\n\t\t<\/div>\n\t\t\t\t\t<\/div>\n\n\t\n\n<\/div>\n\n\t\t<\/div>\n\n\t\t\n<style>\n#section_1473057451 {\n  padding-top: 0px;\n  padding-bottom: 0px;\n  background-color: rgb(193, 193, 193);\n}\n#section_1473057451 .section-bg-overlay {\n  background-color: rgba(255, 255, 255, 0.85);\n}\n<\/style>\n\t<\/section>\n\t\n\t<section class=\"section\" id=\"section_1752077843\">\n\t\t<div class=\"bg section-bg fill bg-fill  bg-loaded\" >\n\n\t\t\t\n\t\t\t<div class=\"loading-spin centered\"><\/div><button class=\"scroll-for-more z-5 icon absolute bottom h-center\" aria-label=\"Scroll for more\"><i class=\"icon-angle-down\" style=\"font-size:42px;\"><\/i><\/button>\n\t\t\t\n\n\t\t<\/div>\n\n\t\t<div class=\"section-content relative\">\n\t\t\t\n\n<div class=\"row\"  id=\"row-2075159536\">\n\n\n\t<div id=\"col-894876468\" class=\"col medium-6 small-12 large-6\"  >\n\t\t\t\t<div class=\"col-inner\"  >\n\t\t\t\n\t\t\t\n\n\t<div class=\"box has-hover   has-hover box-text-bottom\" >\n\n\t\t<div class=\"box-image\" style=\"width:37%;\">\n\t\t\t\t\t\t<div class=\"\" >\n\t\t\t\t<img width=\"2930\" height=\"2820\" src=\"https:\/\/www.truvionhealthcare.com\/wp-content\/uploads\/sites\/8\/2019\/04\/Truvion-Healthcare-stijlelement.png\" class=\"attachment- size-\" alt=\"Truvion Healthcare stijlelement\" loading=\"lazy\" srcset=\"https:\/\/www.truvionhealthcare.com\/wp-content\/uploads\/sites\/8\/2019\/04\/Truvion-Healthcare-stijlelement.png 2930w, https:\/\/www.truvionhealthcare.com\/wp-content\/uploads\/sites\/8\/2019\/04\/Truvion-Healthcare-stijlelement-300x289.png 300w, https:\/\/www.truvionhealthcare.com\/wp-content\/uploads\/sites\/8\/2019\/04\/Truvion-Healthcare-stijlelement-768x739.png 768w, https:\/\/www.truvionhealthcare.com\/wp-content\/uploads\/sites\/8\/2019\/04\/Truvion-Healthcare-stijlelement-1024x986.png 1024w\" sizes=\"(max-width: 2930px) 100vw, 2930px\" \/>\t\t\t\t\t\t\t\t\t\t\t<\/div>\n\t\t\t\t\t<\/div>\n\n\t\t<div class=\"box-text text-center\" >\n\t\t\t<div class=\"box-text-inner\">\n\t\t\t\t\n\n<h2 style=\"text-align: center\">Truvion Healthcare<\/h2>\n<p style=\"text-align: center\">Des concepts, des services et des produits innovants, fond\u00e9s sur plus de 50 ans d&rsquo;exp\u00e9rience.<\/p>\n\t<div id=\"gap-1761433883\" class=\"gap-element clearfix\" style=\"display:block; height:auto;\">\n\t\t\n<style>\n#gap-1761433883 {\n  padding-top: 24px;\n}\n<\/style>\n\t<\/div>\n\t\n\n<a data-animate=\"fadeInLeft\" href=\"https:\/\/www.truvionhealthcare.com\/fr\/over-truvion\/\" target=\"_self\" class=\"button primary box-shadow-5 box-shadow-5-hover\"  >\n  <i class=\"icon-angle-right\" ><\/i>  <span>En savoir plus<\/span>\n  <\/a>\n\n\n\n\t\t\t<\/div>\n\t\t<\/div>\n\t<\/div>\n\t\n\n\t\t<\/div>\n\t\t\t\t\t<\/div>\n\n\t\n\n\t<div id=\"col-1026722601\" class=\"col medium-6 small-12 large-6\"  >\n\t\t\t\t<div class=\"col-inner\"  >\n\t\t\t\n\t\t\t\n\n\t<div class=\"box has-hover   has-hover box-text-bottom\" >\n\n\t\t<div class=\"box-image\" style=\"width:46%;\">\n\t\t\t\t\t\t<div class=\"\" >\n\t\t\t\t<img width=\"3563\" height=\"2783\" src=\"https:\/\/www.truvionhealthcare.com\/wp-content\/uploads\/sites\/8\/2019\/04\/Truvion-Healthcare-stijlelement-persoonlijk-mens.png\" class=\"attachment- size-\" alt=\"Stijlelement in hartvorm van Truvion Healthcare dat staat voor persoonlijke aandacht\" loading=\"lazy\" srcset=\"https:\/\/www.truvionhealthcare.com\/wp-content\/uploads\/sites\/8\/2019\/04\/Truvion-Healthcare-stijlelement-persoonlijk-mens.png 3563w, https:\/\/www.truvionhealthcare.com\/wp-content\/uploads\/sites\/8\/2019\/04\/Truvion-Healthcare-stijlelement-persoonlijk-mens-300x234.png 300w, https:\/\/www.truvionhealthcare.com\/wp-content\/uploads\/sites\/8\/2019\/04\/Truvion-Healthcare-stijlelement-persoonlijk-mens-768x600.png 768w, https:\/\/www.truvionhealthcare.com\/wp-content\/uploads\/sites\/8\/2019\/04\/Truvion-Healthcare-stijlelement-persoonlijk-mens-1024x800.png 1024w\" sizes=\"(max-width: 3563px) 100vw, 3563px\" \/>\t\t\t\t\t\t\t\t\t\t\t<\/div>\n\t\t\t\t\t<\/div>\n\n\t\t<div class=\"box-text text-center\" >\n\t\t\t<div class=\"box-text-inner\">\n\t\t\t\t\n\n<h2 style=\"text-align: center\">Travailler chez Truvion<\/h2>\n<p style=\"text-align: center\">Vous aussi, vous souhaitez aborder les soins de sant\u00e9 diff\u00e9remment ? Venez renforcer notre \u00e9quipe!<\/p>\n\t<div id=\"gap-1150807306\" class=\"gap-element clearfix\" style=\"display:block; height:auto;\">\n\t\t\n<style>\n#gap-1150807306 {\n  padding-top: 24px;\n}\n<\/style>\n\t<\/div>\n\t\n\n<a data-animate=\"fadeInLeft\" href=\"https:\/\/www.truvionhealthcare.com\/fr\/postes-vacants\/\" target=\"_self\" class=\"button primary box-shadow-5 box-shadow-5-hover\"  >\n  <i class=\"icon-angle-right\" ><\/i>  <span>En savoir plus<\/span>\n  <\/a>\n\n\n\n\t\t\t<\/div>\n\t\t<\/div>\n\t<\/div>\n\t\n\n\t\t<\/div>\n\t\t\t\t\t<\/div>\n\n\t\n\n<\/div>\n\n\t\t<\/div>\n\n\t\t\n<style>\n#section_1752077843 {\n  padding-top: 81px;\n  padding-bottom: 81px;\n  background-color: rgb(255, 255, 255);\n}\n<\/style>\n\t<\/section>\n\t\n\t<div id=\"gap-142601617\" class=\"gap-element clearfix\" style=\"display:block; height:auto;\">\n\t\t\n<style>\n#gap-142601617 {\n  padding-top: 68px;\n}\n<\/style>\n\t<\/div>\n\t\n\n\n\t\t<\/div>\n\t<\/div>\n\t\n\t\n<div class=\"message-box relative dark\" style=\"padding-top:15px;padding-bottom:15px;\"><div class=\"message-box-bg-image bg-fill fill\" ><\/div><div class=\"message-box-bg-overlay bg-fill fill\" style=\"background-color:rgb(78, 96, 169);\"><\/div><div class=\"container relative\"><div class=\"inner last-reset\">\n\n<div class=\"row align-middle align-center\"  id=\"row-1934510256\">\n\n\n\t<div id=\"col-443235258\" class=\"col medium-9 small-12 large-9\"  >\n\t\t\t\t<div class=\"col-inner\"  >\n\t\t\t\n\t\t\t\n\n<p style=\"text-align: center\">Vous avez des questions au sujet de nos produits&nbsp;? Vous souhaitez savoir ce que Truvion peut apporter \u00e0 votre organisation&nbsp;? Contactez-nous. Nous sommes \u00e0 votre disposition.<\/p>\n\n\t\t<\/div>\n\t\t\t\t\t<\/div>\n\n\t\n\n\t<div id=\"col-1478073669\" class=\"col medium-2 small-12 large-2\"  >\n\t\t\t\t<div class=\"col-inner text-center\"  >\n\t\t\t\n\t\t\t\n\n<a href=\"https:\/\/www.truvionhealthcare.com\/fr\/contact-2\/\" target=\"_self\" class=\"button white is-underline\"  style=\"border-radius:99px;\">\n    <span>Contact<\/span>\n  <\/a>\n\n\n\n\t\t<\/div>\n\t\t\t\t\t<\/div>\n\n\t\n\n<\/div>\n\n<\/div><\/div><\/div>\n\n","protected":false},"excerpt":{"rendered":"","protected":false},"author":5,"featured_media":0,"parent":0,"menu_order":0,"comment_status":"closed","ping_status":"closed","template":"page-blank.php","meta":[],"yoast_head":"<!-- This site is optimized with the Yoast SEO plugin v17.9 - https:\/\/yoast.com\/wordpress\/plugins\/seo\/ -->\n<title>Home - Truvion Healthcare<\/title>\n<meta name=\"robots\" content=\"index, follow, max-snippet:-1, max-image-preview:large, max-video-preview:-1\" \/>\n<link rel=\"canonical\" href=\"https:\/\/www.truvionhealthcare.com\/fr\/\" \/>\n<meta property=\"og:locale\" content=\"fr_FR\" \/>\n<meta property=\"og:type\" content=\"article\" \/>\n<meta property=\"og:title\" content=\"Home - Truvion Healthcare\" \/>\n<meta property=\"og:url\" content=\"https:\/\/www.truvionhealthcare.com\/fr\/\" \/>\n<meta property=\"og:site_name\" content=\"Truvion Healthcare\" \/>\n<meta property=\"article:modified_time\" content=\"2025-04-04T12:54:46+00:00\" \/>\n<meta name=\"twitter:card\" content=\"summary_large_image\" \/>\n<meta name=\"twitter:label1\" content=\"Dur\u00e9e de lecture estim\u00e9e\" \/>\n\t<meta name=\"twitter:data1\" content=\"4 minutes\" \/>\n<script type=\"application\/ld+json\" class=\"yoast-schema-graph\">{\"@context\":\"https:\/\/schema.org\",\"@graph\":[{\"@type\":\"WebSite\",\"@id\":\"https:\/\/www.truvionhealthcare.com\/#website\",\"url\":\"https:\/\/www.truvionhealthcare.com\/\",\"name\":\"Truvion Healthcare\",\"description\":\"\",\"potentialAction\":[{\"@type\":\"SearchAction\",\"target\":{\"@type\":\"EntryPoint\",\"urlTemplate\":\"https:\/\/www.truvionhealthcare.com\/?s={search_term_string}\"},\"query-input\":\"required name=search_term_string\"}],\"inLanguage\":\"fr-FR\"},{\"@type\":\"WebPage\",\"@id\":\"https:\/\/www.truvionhealthcare.com\/fr\/#webpage\",\"url\":\"https:\/\/www.truvionhealthcare.com\/fr\/\",\"name\":\"Home - Truvion Healthcare\",\"isPartOf\":{\"@id\":\"https:\/\/www.truvionhealthcare.com\/#website\"},\"datePublished\":\"2019-05-24T13:20:25+00:00\",\"dateModified\":\"2025-04-04T12:54:46+00:00\",\"breadcrumb\":{\"@id\":\"https:\/\/www.truvionhealthcare.com\/fr\/#breadcrumb\"},\"inLanguage\":\"fr-FR\",\"potentialAction\":[{\"@type\":\"ReadAction\",\"target\":[\"https:\/\/www.truvionhealthcare.com\/fr\/\"]}]},{\"@type\":\"BreadcrumbList\",\"@id\":\"https:\/\/www.truvionhealthcare.com\/fr\/#breadcrumb\",\"itemListElement\":[{\"@type\":\"ListItem\",\"position\":1,\"name\":\"Home\",\"item\":\"https:\/\/www.truvionhealthcare.com\/fr\/\"},{\"@type\":\"ListItem\",\"position\":2,\"name\":\"Home\"}]}]}<\/script>\n<!-- \/ Yoast SEO plugin. -->","yoast_head_json":{"title":"Home - Truvion Healthcare","robots":{"index":"index","follow":"follow","max-snippet":"max-snippet:-1","max-image-preview":"max-image-preview:large","max-video-preview":"max-video-preview:-1"},"canonical":"https:\/\/www.truvionhealthcare.com\/fr\/","og_locale":"fr_FR","og_type":"article","og_title":"Home - Truvion Healthcare","og_url":"https:\/\/www.truvionhealthcare.com\/fr\/","og_site_name":"Truvion Healthcare","article_modified_time":"2025-04-04T12:54:46+00:00","twitter_card":"summary_large_image","twitter_misc":{"Dur\u00e9e de lecture estim\u00e9e":"4 minutes"},"schema":{"@context":"https:\/\/schema.org","@graph":[{"@type":"WebSite","@id":"https:\/\/www.truvionhealthcare.com\/#website","url":"https:\/\/www.truvionhealthcare.com\/","name":"Truvion Healthcare","description":"","potentialAction":[{"@type":"SearchAction","target":{"@type":"EntryPoint","urlTemplate":"https:\/\/www.truvionhealthcare.com\/?s={search_term_string}"},"query-input":"required name=search_term_string"}],"inLanguage":"fr-FR"},{"@type":"WebPage","@id":"https:\/\/www.truvionhealthcare.com\/fr\/#webpage","url":"https:\/\/www.truvionhealthcare.com\/fr\/","name":"Home - Truvion Healthcare","isPartOf":{"@id":"https:\/\/www.truvionhealthcare.com\/#website"},"datePublished":"2019-05-24T13:20:25+00:00","dateModified":"2025-04-04T12:54:46+00:00","breadcrumb":{"@id":"https:\/\/www.truvionhealthcare.com\/fr\/#breadcrumb"},"inLanguage":"fr-FR","potentialAction":[{"@type":"ReadAction","target":["https:\/\/www.truvionhealthcare.com\/fr\/"]}]},{"@type":"BreadcrumbList","@id":"https:\/\/www.truvionhealthcare.com\/fr\/#breadcrumb","itemListElement":[{"@type":"ListItem","position":1,"name":"Home","item":"https:\/\/www.truvionhealthcare.com\/fr\/"},{"@type":"ListItem","position":2,"name":"Home"}]}]}},"_links":{"self":[{"href":"https:\/\/www.truvionhealthcare.com\/fr\/wp-json\/wp\/v2\/pages\/1621"}],"collection":[{"href":"https:\/\/www.truvionhealthcare.com\/fr\/wp-json\/wp\/v2\/pages"}],"about":[{"href":"https:\/\/www.truvionhealthcare.com\/fr\/wp-json\/wp\/v2\/types\/page"}],"author":[{"embeddable":true,"href":"https:\/\/www.truvionhealthcare.com\/fr\/wp-json\/wp\/v2\/users\/5"}],"replies":[{"embeddable":true,"href":"https:\/\/www.truvionhealthcare.com\/fr\/wp-json\/wp\/v2\/comments?post=1621"}],"version-history":[{"count":52,"href":"https:\/\/www.truvionhealthcare.com\/fr\/wp-json\/wp\/v2\/pages\/1621\/revisions"}],"predecessor-version":[{"id":5346,"href":"https:\/\/www.truvionhealthcare.com\/fr\/wp-json\/wp\/v2\/pages\/1621\/revisions\/5346"}],"wp:attachment":[{"href":"https:\/\/www.truvionhealthcare.com\/fr\/wp-json\/wp\/v2\/media?parent=1621"}],"curies":[{"name":"wp","href":"https:\/\/api.w.org\/{rel}","templated":true}]}}